{"id":215,"date":"2025-04-21T10:07:00","date_gmt":"2025-04-21T15:07:00","guid":{"rendered":"https:\/\/ecoweb.com.co\/grupo\/?page_id=215"},"modified":"2025-04-21T10:07:00","modified_gmt":"2025-04-21T15:07:00","slug":"metalizacion-en-vacio","status":"publish","type":"page","link":"https:\/\/www.grupojares.com.co\/metalizamos\/metalizacion-en-vacio\/","title":{"rendered":"Metalizaci\u00f3n en vac\u00edo"},"content":{"rendered":"<div class=\"wpb-content-wrapper\"><p>[vc_row content_placement=&#8221;middle&#8221; css=&#8221;.vc_custom_1745247917700{padding-top: 50px !important;padding-bottom: 70px !important;}&#8221; conditional_render=&#8221;%5B%7B%22value_role%22%3A%22administrator%22%7D%5D&#8221;][vc_column width=&#8221;1\/2&#8243;][vc_single_image image=&#8221;189&#8243; img_size=&#8221;full&#8221; label=&#8221;&#8221;][\/vc_column][vc_column width=&#8221;1\/2&#8243;][vc_column_text]<\/p>\n<p style=\"text-align: justify;\">Consiste b\u00e1sicamente en depositar una fina capa met\u00e1lica sobre superficies met\u00e1licas y de pl\u00e1stico, dot\u00e1ndolas de diferentes acabados en funci\u00f3n de las exigencias del cliente. Tenemos a disposici\u00f3n de nuestros clientes una amplia variedad de acabados met\u00e1licos que supera el millar. Entre muchos otros, ofrecemos los siguientes acabados: niquel, cromo, bronce, oro, oro viejo, plata, plata vieja, acabados en mate, brillo, etc.<\/p>\n<p style=\"text-align: justify;\">Este tipo de aplicaci\u00f3n se realiza sobre piezas de toda clase, desde piezas de autom\u00f3vil, de juguetes, motivos decorativos, electrodom\u00e9sticos, espejos, etc, y con motivos tanto decorativos como t\u00e9cnicos.<\/p>\n<p>[\/vc_column_text][vc_column_text]<\/p>\n<p style=\"text-align: left;\"><a style=\"text-decoration: none;\" href=\"#\"><span class=\"ver\">Solicitar servicio<\/span><\/a><\/p>\n<p>[\/vc_column_text][\/vc_column][\/vc_row]<\/p>\n<\/div>","protected":false},"excerpt":{"rendered":"<p>[vc_row content_placement=&#8221;middle&#8221; css=&#8221;.vc_custom_1745247917700{padding-top: 50px !important;padding-bottom: 70px !important;}&#8221; conditional_render=&#8221;%5B%7B%22value_role%22%3A%22administrator%22%7D%5D&#8221;][vc_column width=&#8221;1\/2&#8243;][vc_single_image image=&#8221;189&#8243; img_size=&#8221;full&#8221; label=&#8221;&#8221;][\/vc_column][vc_column width=&#8221;1\/2&#8243;][vc_column_text] Consiste b\u00e1sicamente en depositar una fina capa met\u00e1lica sobre superficies met\u00e1licas y de pl\u00e1stico, dot\u00e1ndolas de diferentes acabados en funci\u00f3n de las exigencias del cliente. Tenemos a disposici\u00f3n de nuestros clientes una amplia variedad de acabados met\u00e1licos que supera el millar. Entre [&hellip;]<\/p>\n","protected":false},"author":1,"featured_media":0,"parent":0,"menu_order":0,"comment_status":"closed","ping_status":"closed","template":"","meta":{"_joinchat":[],"footnotes":""},"class_list":["post-215","page","type-page","status-publish","hentry"],"yoast_head":"<!-- This site is optimized with the Yoast SEO plugin v27.1.1 - https:\/\/yoast.com\/product\/yoast-seo-wordpress\/ -->\n<title>Metalizaci\u00f3n en vac\u00edo - Grupo Jares Metalizamos<\/title>\n<meta name=\"robots\" content=\"index, follow, max-snippet:-1, max-image-preview:large, max-video-preview:-1\" \/>\n<link rel=\"canonical\" href=\"https:\/\/www.grupojares.com.co\/metalizamos\/metalizacion-en-vacio\/\" \/>\n<meta property=\"og:locale\" content=\"es_ES\" \/>\n<meta property=\"og:type\" content=\"article\" \/>\n<meta property=\"og:title\" content=\"Metalizaci\u00f3n en vac\u00edo - Grupo Jares Metalizamos\" \/>\n<meta property=\"og:description\" content=\"[vc_row content_placement=&#8221;middle&#8221; css=&#8221;.vc_custom_1745247917700{padding-top: 50px !important;padding-bottom: 70px !important;}&#8221; conditional_render=&#8221;%5B%7B%22value_role%22%3A%22administrator%22%7D%5D&#8221;][vc_column width=&#8221;1\/2&#8243;][vc_single_image image=&#8221;189&#8243; img_size=&#8221;full&#8221; label=&#8221;&#8221;][\/vc_column][vc_column width=&#8221;1\/2&#8243;][vc_column_text] Consiste b\u00e1sicamente en depositar una fina capa met\u00e1lica sobre superficies met\u00e1licas y de pl\u00e1stico, dot\u00e1ndolas de diferentes acabados en funci\u00f3n de las exigencias del cliente. Tenemos a disposici\u00f3n de nuestros clientes una amplia variedad de acabados met\u00e1licos que supera el millar. Entre [&hellip;]\" \/>\n<meta property=\"og:url\" content=\"https:\/\/www.grupojares.com.co\/metalizamos\/metalizacion-en-vacio\/\" \/>\n<meta property=\"og:site_name\" content=\"Grupo Jares Metalizamos\" \/>\n<meta property=\"og:image\" content=\"https:\/\/www.grupojares.com.co\/metalizamos\/wp-content\/uploads\/2025\/05\/cropped-logo.png\" \/>\n\t<meta property=\"og:image:width\" content=\"512\" \/>\n\t<meta property=\"og:image:height\" content=\"512\" \/>\n\t<meta property=\"og:image:type\" content=\"image\/png\" \/>\n<meta name=\"twitter:card\" content=\"summary_large_image\" \/>\n<meta name=\"twitter:label1\" content=\"Tiempo de lectura\" \/>\n\t<meta name=\"twitter:data1\" content=\"1 minuto\" \/>\n<script type=\"application\/ld+json\" class=\"yoast-schema-graph\">{\"@context\":\"https:\/\/schema.org\",\"@graph\":[{\"@type\":\"WebPage\",\"@id\":\"https:\/\/www.grupojares.com.co\/metalizamos\/metalizacion-en-vacio\/\",\"url\":\"https:\/\/www.grupojares.com.co\/metalizamos\/metalizacion-en-vacio\/\",\"name\":\"Metalizaci\u00f3n en vac\u00edo - Grupo Jares Metalizamos\",\"isPartOf\":{\"@id\":\"https:\/\/www.grupojares.com.co\/metalizamos\/#website\"},\"datePublished\":\"2025-04-21T15:07:00+00:00\",\"breadcrumb\":{\"@id\":\"https:\/\/www.grupojares.com.co\/metalizamos\/metalizacion-en-vacio\/#breadcrumb\"},\"inLanguage\":\"es-CO\",\"potentialAction\":[{\"@type\":\"ReadAction\",\"target\":[\"https:\/\/www.grupojares.com.co\/metalizamos\/metalizacion-en-vacio\/\"]}]},{\"@type\":\"BreadcrumbList\",\"@id\":\"https:\/\/www.grupojares.com.co\/metalizamos\/metalizacion-en-vacio\/#breadcrumb\",\"itemListElement\":[{\"@type\":\"ListItem\",\"position\":1,\"name\":\"Inicio\",\"item\":\"https:\/\/www.grupojares.com.co\/metalizamos\/\"},{\"@type\":\"ListItem\",\"position\":2,\"name\":\"Metalizaci\u00f3n en vac\u00edo\"}]},{\"@type\":\"WebSite\",\"@id\":\"https:\/\/www.grupojares.com.co\/metalizamos\/#website\",\"url\":\"https:\/\/www.grupojares.com.co\/metalizamos\/\",\"name\":\"Grupo Jares Metalizamos\",\"description\":\"Metalizaci\u00f3n en Alto Vac\u00edo\",\"publisher\":{\"@id\":\"https:\/\/www.grupojares.com.co\/metalizamos\/#organization\"},\"potentialAction\":[{\"@type\":\"SearchAction\",\"target\":{\"@type\":\"EntryPoint\",\"urlTemplate\":\"https:\/\/www.grupojares.com.co\/metalizamos\/?s={search_term_string}\"},\"query-input\":{\"@type\":\"PropertyValueSpecification\",\"valueRequired\":true,\"valueName\":\"search_term_string\"}}],\"inLanguage\":\"es-CO\"},{\"@type\":\"Organization\",\"@id\":\"https:\/\/www.grupojares.com.co\/metalizamos\/#organization\",\"name\":\"Grupo Jares Metalizamos\",\"url\":\"https:\/\/www.grupojares.com.co\/metalizamos\/\",\"logo\":{\"@type\":\"ImageObject\",\"inLanguage\":\"es-CO\",\"@id\":\"https:\/\/www.grupojares.com.co\/metalizamos\/#\/schema\/logo\/image\/\",\"url\":\"https:\/\/www.grupojares.com.co\/metalizamos\/wp-content\/uploads\/2025\/05\/cropped-logo.png\",\"contentUrl\":\"https:\/\/www.grupojares.com.co\/metalizamos\/wp-content\/uploads\/2025\/05\/cropped-logo.png\",\"width\":512,\"height\":512,\"caption\":\"Grupo Jares Metalizamos\"},\"image\":{\"@id\":\"https:\/\/www.grupojares.com.co\/metalizamos\/#\/schema\/logo\/image\/\"}}]}<\/script>\n<!-- \/ Yoast SEO plugin. -->","yoast_head_json":{"title":"Metalizaci\u00f3n en vac\u00edo - Grupo Jares Metalizamos","robots":{"index":"index","follow":"follow","max-snippet":"max-snippet:-1","max-image-preview":"max-image-preview:large","max-video-preview":"max-video-preview:-1"},"canonical":"https:\/\/www.grupojares.com.co\/metalizamos\/metalizacion-en-vacio\/","og_locale":"es_ES","og_type":"article","og_title":"Metalizaci\u00f3n en vac\u00edo - Grupo Jares Metalizamos","og_description":"[vc_row content_placement=&#8221;middle&#8221; css=&#8221;.vc_custom_1745247917700{padding-top: 50px !important;padding-bottom: 70px !important;}&#8221; conditional_render=&#8221;%5B%7B%22value_role%22%3A%22administrator%22%7D%5D&#8221;][vc_column width=&#8221;1\/2&#8243;][vc_single_image image=&#8221;189&#8243; img_size=&#8221;full&#8221; label=&#8221;&#8221;][\/vc_column][vc_column width=&#8221;1\/2&#8243;][vc_column_text] Consiste b\u00e1sicamente en depositar una fina capa met\u00e1lica sobre superficies met\u00e1licas y de pl\u00e1stico, dot\u00e1ndolas de diferentes acabados en funci\u00f3n de las exigencias del cliente. Tenemos a disposici\u00f3n de nuestros clientes una amplia variedad de acabados met\u00e1licos que supera el millar. Entre [&hellip;]","og_url":"https:\/\/www.grupojares.com.co\/metalizamos\/metalizacion-en-vacio\/","og_site_name":"Grupo Jares Metalizamos","og_image":[{"width":512,"height":512,"url":"https:\/\/www.grupojares.com.co\/metalizamos\/wp-content\/uploads\/2025\/05\/cropped-logo.png","type":"image\/png"}],"twitter_card":"summary_large_image","twitter_misc":{"Tiempo de lectura":"1 minuto"},"schema":{"@context":"https:\/\/schema.org","@graph":[{"@type":"WebPage","@id":"https:\/\/www.grupojares.com.co\/metalizamos\/metalizacion-en-vacio\/","url":"https:\/\/www.grupojares.com.co\/metalizamos\/metalizacion-en-vacio\/","name":"Metalizaci\u00f3n en vac\u00edo - Grupo Jares Metalizamos","isPartOf":{"@id":"https:\/\/www.grupojares.com.co\/metalizamos\/#website"},"datePublished":"2025-04-21T15:07:00+00:00","breadcrumb":{"@id":"https:\/\/www.grupojares.com.co\/metalizamos\/metalizacion-en-vacio\/#breadcrumb"},"inLanguage":"es-CO","potentialAction":[{"@type":"ReadAction","target":["https:\/\/www.grupojares.com.co\/metalizamos\/metalizacion-en-vacio\/"]}]},{"@type":"BreadcrumbList","@id":"https:\/\/www.grupojares.com.co\/metalizamos\/metalizacion-en-vacio\/#breadcrumb","itemListElement":[{"@type":"ListItem","position":1,"name":"Inicio","item":"https:\/\/www.grupojares.com.co\/metalizamos\/"},{"@type":"ListItem","position":2,"name":"Metalizaci\u00f3n en vac\u00edo"}]},{"@type":"WebSite","@id":"https:\/\/www.grupojares.com.co\/metalizamos\/#website","url":"https:\/\/www.grupojares.com.co\/metalizamos\/","name":"Grupo Jares Metalizamos","description":"Metalizaci\u00f3n en Alto Vac\u00edo","publisher":{"@id":"https:\/\/www.grupojares.com.co\/metalizamos\/#organization"},"potentialAction":[{"@type":"SearchAction","target":{"@type":"EntryPoint","urlTemplate":"https:\/\/www.grupojares.com.co\/metalizamos\/?s={search_term_string}"},"query-input":{"@type":"PropertyValueSpecification","valueRequired":true,"valueName":"search_term_string"}}],"inLanguage":"es-CO"},{"@type":"Organization","@id":"https:\/\/www.grupojares.com.co\/metalizamos\/#organization","name":"Grupo Jares Metalizamos","url":"https:\/\/www.grupojares.com.co\/metalizamos\/","logo":{"@type":"ImageObject","inLanguage":"es-CO","@id":"https:\/\/www.grupojares.com.co\/metalizamos\/#\/schema\/logo\/image\/","url":"https:\/\/www.grupojares.com.co\/metalizamos\/wp-content\/uploads\/2025\/05\/cropped-logo.png","contentUrl":"https:\/\/www.grupojares.com.co\/metalizamos\/wp-content\/uploads\/2025\/05\/cropped-logo.png","width":512,"height":512,"caption":"Grupo Jares Metalizamos"},"image":{"@id":"https:\/\/www.grupojares.com.co\/metalizamos\/#\/schema\/logo\/image\/"}}]}},"_links":{"self":[{"href":"https:\/\/www.grupojares.com.co\/metalizamos\/wp-json\/wp\/v2\/pages\/215","targetHints":{"allow":["GET"]}}],"collection":[{"href":"https:\/\/www.grupojares.com.co\/metalizamos\/wp-json\/wp\/v2\/pages"}],"about":[{"href":"https:\/\/www.grupojares.com.co\/metalizamos\/wp-json\/wp\/v2\/types\/page"}],"author":[{"embeddable":true,"href":"https:\/\/www.grupojares.com.co\/metalizamos\/wp-json\/wp\/v2\/users\/1"}],"replies":[{"embeddable":true,"href":"https:\/\/www.grupojares.com.co\/metalizamos\/wp-json\/wp\/v2\/comments?post=215"}],"version-history":[{"count":0,"href":"https:\/\/www.grupojares.com.co\/metalizamos\/wp-json\/wp\/v2\/pages\/215\/revisions"}],"wp:attachment":[{"href":"https:\/\/www.grupojares.com.co\/metalizamos\/wp-json\/wp\/v2\/media?parent=215"}],"curies":[{"name":"wp","href":"https:\/\/api.w.org\/{rel}","templated":true}]}}